{"id":273,"date":"2024-03-28T14:02:56","date_gmt":"2024-03-28T13:02:56","guid":{"rendered":"https:\/\/trehout.nextservices.be\/?post_type=product&#038;p=273"},"modified":"2024-03-28T14:06:48","modified_gmt":"2024-03-28T13:06:48","slug":"display-de-comptoir-stop-pile","status":"publish","type":"product","link":"https:\/\/trehout.nextservices.be\/?product=display-de-comptoir-stop-pile","title":{"rendered":"DISPLAY DE COMPTOIR &#8211; STOP PILE"},"content":{"rendered":"<p><strong>Description<\/strong><br \/>\nDisplay de comptoir &#8211; Stop Pile<\/p>\n<p>Format : L 160 x P 235 x H 440 mm<br \/>\nSupport : Double micro cannelure<br \/>\nImpression : Quadir recto seul<br \/>\nFa\u00e7onnage : Participation \u00e0 l&rsquo;outillage, d\u00e9coupe, d\u00e9corticage, collage<br \/>\nConditionnement : unitaire sous film<br \/>\nTemps de montage : 1 minute<\/p>\n<p>&nbsp;<\/p>\n","protected":false},"excerpt":{"rendered":"<p>Description Display de comptoir &#8211; Stop Pile Format : L 160 x P 235 x H 440 mm Support : Double micro cannelure Impression : Quadir recto seul Fa\u00e7onnage : Participation \u00e0 l&rsquo;outillage, d\u00e9coupe, d\u00e9corticage, collage Conditionnement : unitaire sous film Temps de montage : 1 minute &nbsp;<\/p>\n","protected":false},"featured_media":276,"comment_status":"closed","ping_status":"closed","template":"","meta":[],"product_cat":[32,42],"product_tag":[],"class_list":{"0":"post-273","1":"product","2":"type-product","3":"status-publish","4":"has-post-thumbnail","6":"product_cat-arche","7":"product_cat-display-de-comptoir","9":"first","10":"instock","11":"shipping-taxable","12":"product-type-simple"},"_links":{"self":[{"href":"https:\/\/trehout.nextservices.be\/index.php?rest_route=\/wp\/v2\/product\/273","targetHints":{"allow":["GET"]}}],"collection":[{"href":"https:\/\/trehout.nextservices.be\/index.php?rest_route=\/wp\/v2\/product"}],"about":[{"href":"https:\/\/trehout.nextservices.be\/index.php?rest_route=\/wp\/v2\/types\/product"}],"replies":[{"embeddable":true,"href":"https:\/\/trehout.nextservices.be\/index.php?rest_route=%2Fwp%2Fv2%2Fcomments&post=273"}],"wp:featuredmedia":[{"embeddable":true,"href":"https:\/\/trehout.nextservices.be\/index.php?rest_route=\/wp\/v2\/media\/276"}],"wp:attachment":[{"href":"https:\/\/trehout.nextservices.be\/index.php?rest_route=%2Fwp%2Fv2%2Fmedia&parent=273"}],"wp:term":[{"taxonomy":"product_cat","embeddable":true,"href":"https:\/\/trehout.nextservices.be\/index.php?rest_route=%2Fwp%2Fv2%2Fproduct_cat&post=273"},{"taxonomy":"product_tag","embeddable":true,"href":"https:\/\/trehout.nextservices.be\/index.php?rest_route=%2Fwp%2Fv2%2Fproduct_tag&post=273"}],"curies":[{"name":"wp","href":"https:\/\/api.w.org\/{rel}","templated":true}]}}