{"id":239,"date":"2024-03-25T07:24:01","date_gmt":"2024-03-25T07:24:01","guid":{"rendered":"https:\/\/trehout.nextservices.be\/?post_type=product&#038;p=239"},"modified":"2024-03-25T07:30:19","modified_gmt":"2024-03-25T07:30:19","slug":"arche-colonne-carree-automatique-bum-s","status":"publish","type":"product","link":"https:\/\/trehout.nextservices.be\/?product=arche-colonne-carree-automatique-bum-s","title":{"rendered":"ARCHE COLONNE CARR\u00c9E AUTOMATIQUE BUM S"},"content":{"rendered":"<div style=\"width: 640px;\" class=\"wp-video\"><video class=\"wp-video-shortcode\" id=\"video-239-1\" width=\"640\" height=\"360\" preload=\"metadata\" controls=\"controls\"><source type=\"video\/mp4\" src=\"https:\/\/trehout.nextservices.be\/wp-content\/uploads\/2024\/03\/Groupe-Trehout-PLV-_-BUM-SYSTEME-DE-DEPLOIEMENT-AUTOMATIQUE-DE-PLV.mp4?_=1\" \/><a href=\"https:\/\/trehout.nextservices.be\/wp-content\/uploads\/2024\/03\/Groupe-Trehout-PLV-_-BUM-SYSTEME-DE-DEPLOIEMENT-AUTOMATIQUE-DE-PLV.mp4\">https:\/\/trehout.nextservices.be\/wp-content\/uploads\/2024\/03\/Groupe-Trehout-PLV-_-BUM-SYSTEME-DE-DEPLOIEMENT-AUTOMATIQUE-DE-PLV.mp4<\/a><\/video><\/div>\n<p><strong>Description<\/strong><br \/>\nArche Colonne Carr\u00e9e Bum S<br \/>\nInformations produit<br \/>\nFormat : Colonnes : 325 x 325 x 2 150 mm &#8211; Traverse : 585 x 1 890 mm<br \/>\nSupport : Colonnes : simple micro cannelure &#8211; Traverse : double micro cannelure<br \/>\nImpression : S\u00e9rigraphie (les 2 colonnes sont identiques)<br \/>\nFa\u00e7onnage : Outillage existant, d\u00e9coupe, d\u00e9corticage, mise en place des tendeurs dans les colonnes, collage de la patte lat\u00e9rale et des boites entre traverse, fourniture d&rsquo;un pied carr\u00e9 en akylux blanc par colonne<br \/>\nConditionnement : \u00e0 l&rsquo;unit\u00e9 sous d\u00e9pliant carton<br \/>\nDimension palette : 800 x 1200 mm<br \/>\nDimension du colis : 680 x 980 x 70 (Option)<br \/>\nNombre de colis \/ palette : 25 exemplaires<br \/>\nTemps de montage : 50 secondes<br \/>\nMinimum de commande : 10<br \/>\nMaximum de commande : 2000<\/p>\n<p><strong>Remarques<br \/>\n<\/strong>Dimensions:<br \/>\nLargeur entre colonnes : 1 640 mm<\/p>\n","protected":false},"excerpt":{"rendered":"<p>Description Arche Colonne Carr\u00e9e Bum S Informations produit Format : Colonnes : 325 x 325 x 2 150 mm &#8211; Traverse : 585 x 1 890 mm Support : Colonnes : simple micro cannelure &#8211; Traverse : double micro cannelure Impression : S\u00e9rigraphie (les 2 colonnes sont identiques) Fa\u00e7onnage : Outillage existant, d\u00e9coupe, d\u00e9corticage, mise [&hellip;]<\/p>\n","protected":false},"featured_media":240,"comment_status":"closed","ping_status":"closed","template":"","meta":[],"product_cat":[32],"product_tag":[],"class_list":{"0":"post-239","1":"product","2":"type-product","3":"status-publish","4":"has-post-thumbnail","6":"product_cat-arche","8":"first","9":"instock","10":"shipping-taxable","11":"product-type-simple"},"_links":{"self":[{"href":"https:\/\/trehout.nextservices.be\/index.php?rest_route=\/wp\/v2\/product\/239","targetHints":{"allow":["GET"]}}],"collection":[{"href":"https:\/\/trehout.nextservices.be\/index.php?rest_route=\/wp\/v2\/product"}],"about":[{"href":"https:\/\/trehout.nextservices.be\/index.php?rest_route=\/wp\/v2\/types\/product"}],"replies":[{"embeddable":true,"href":"https:\/\/trehout.nextservices.be\/index.php?rest_route=%2Fwp%2Fv2%2Fcomments&post=239"}],"wp:featuredmedia":[{"embeddable":true,"href":"https:\/\/trehout.nextservices.be\/index.php?rest_route=\/wp\/v2\/media\/240"}],"wp:attachment":[{"href":"https:\/\/trehout.nextservices.be\/index.php?rest_route=%2Fwp%2Fv2%2Fmedia&parent=239"}],"wp:term":[{"taxonomy":"product_cat","embeddable":true,"href":"https:\/\/trehout.nextservices.be\/index.php?rest_route=%2Fwp%2Fv2%2Fproduct_cat&post=239"},{"taxonomy":"product_tag","embeddable":true,"href":"https:\/\/trehout.nextservices.be\/index.php?rest_route=%2Fwp%2Fv2%2Fproduct_tag&post=239"}],"curies":[{"name":"wp","href":"https:\/\/api.w.org\/{rel}","templated":true}]}}