{"id":47,"date":"2024-03-23T11:50:49","date_gmt":"2024-03-23T11:50:49","guid":{"rendered":"https:\/\/trehout.nextservices.be\/?page_id=47"},"modified":"2024-03-28T14:44:06","modified_gmt":"2024-03-28T13:44:06","slug":"about","status":"publish","type":"page","link":"https:\/\/trehout.nextservices.be\/?page_id=47","title":{"rendered":"Notre Soci\u00e9t\u00e9"},"content":{"rendered":"\t\t<div data-elementor-type=\"wp-page\" data-elementor-id=\"47\" class=\"elementor elementor-47\" data-elementor-post-type=\"page\">\n\t\t\t\t<div class=\"elementor-element elementor-element-73aff768 e-con-full e-flex e-con e-parent\" data-id=\"73aff768\" data-element_type=\"container\" data-core-v316-plus=\"true\">\n\t\t<div class=\"elementor-element elementor-element-3d3f47f3 e-con-full e-flex e-con e-child\" data-id=\"3d3f47f3\" data-element_type=\"container\" data-settings=\"{&quot;background_background&quot;:&quot;classic&quot;}\">\n\t\t\t\t<div class=\"elementor-element elementor-element-4b60d0d2 elementor-cta--skin-classic elementor-animated-content elementor-bg-transform elementor-bg-transform-zoom-in elementor-widget elementor-widget-call-to-action\" data-id=\"4b60d0d2\" data-element_type=\"widget\" data-widget_type=\"call-to-action.default\">\n\t\t\t\t<div class=\"elementor-widget-container\">\n\t\t\t<link rel=\"stylesheet\" href=\"https:\/\/trehout.nextservices.be\/wp-content\/plugins\/elementor-pro\/assets\/css\/widget-call-to-action.min.css\">\t\t<div class=\"elementor-cta\">\n\t\t\t\t\t\t\t<div class=\"elementor-cta__content\">\n\t\t\t\t\n\t\t\t\t\t\t\t\t\t<h1 class=\"elementor-cta__title elementor-cta__content-item elementor-content-item\">\n\t\t\t\t\t\tSAVOIR-FAIRE\t\t\t\t\t<\/h1>\n\t\t\t\t\n\t\t\t\t\t\t\t\t\t<div class=\"elementor-cta__description elementor-cta__content-item elementor-content-item\">\n\t\t\t\t\t\tCr\u00e9\u00e9 en 1890 par la famille Tr\u00e9hout \u00e0 Tournai en Belgique, le Groupe Trehout PLV a tout mis en \u0153uvre pour proposer \u00e0 ses partenaires fran\u00e7ais et belges les solutions les plus compl\u00e8tes en mati\u00e8re de PLV, display, packaging, et impression sur carton et multi-mat\u00e9riaux.\t\t\t\t\t<\/div>\n\t\t\t\t\n\t\t\t\t\t\t\t<\/div>\n\t\t\t\t\t\t<\/div>\n\t\t\t\t<\/div>\n\t\t\t\t<\/div>\n\t\t\t\t<\/div>\n\t\t\t\t<\/div>\n\t\t<div class=\"elementor-element elementor-element-506838a4 e-con-full e-flex e-con e-parent\" data-id=\"506838a4\" data-element_type=\"container\" data-core-v316-plus=\"true\">\n\t\t<div class=\"elementor-element elementor-element-610d00ac e-con-full e-flex e-con e-child\" data-id=\"610d00ac\" data-element_type=\"container\">\n\t\t\t\t<div class=\"elementor-element elementor-element-3a985ad2 elementor-widget elementor-widget-heading\" data-id=\"3a985ad2\" data-element_type=\"widget\" data-widget_type=\"heading.default\">\n\t\t\t\t<div class=\"elementor-widget-container\">\n\t\t\t<style>\/*! elementor - v3.20.0 - 20-03-2024 *\/\n.elementor-heading-title{padding:0;margin:0;line-height:1}.elementor-widget-heading .elementor-heading-title[class*=elementor-size-]>a{color:inherit;font-size:inherit;line-height:inherit}.elementor-widget-heading .elementor-heading-title.elementor-size-small{font-size:15px}.elementor-widget-heading .elementor-heading-title.elementor-size-medium{font-size:19px}.elementor-widget-heading .elementor-heading-title.elementor-size-large{font-size:29px}.elementor-widget-heading .elementor-heading-title.elementor-size-xl{font-size:39px}.elementor-widget-heading .elementor-heading-title.elementor-size-xxl{font-size:59px}<\/style><h2 class=\"elementor-heading-title elementor-size-default\">INNOVATION<\/h2>\t\t<\/div>\n\t\t\t\t<\/div>\n\t\t\t\t<div class=\"elementor-element elementor-element-2868007f elementor-widget elementor-widget-text-editor\" data-id=\"2868007f\" data-element_type=\"widget\" data-widget_type=\"text-editor.default\">\n\t\t\t\t<div class=\"elementor-widget-container\">\n\t\t\t<style>\/*! elementor - v3.20.0 - 20-03-2024 *\/\n.elementor-widget-text-editor.elementor-drop-cap-view-stacked .elementor-drop-cap{background-color:#69727d;color:#fff}.elementor-widget-text-editor.elementor-drop-cap-view-framed .elementor-drop-cap{color:#69727d;border:3px solid;background-color:transparent}.elementor-widget-text-editor:not(.elementor-drop-cap-view-default) .elementor-drop-cap{margin-top:8px}.elementor-widget-text-editor:not(.elementor-drop-cap-view-default) .elementor-drop-cap-letter{width:1em;height:1em}.elementor-widget-text-editor .elementor-drop-cap{float:left;text-align:center;line-height:1;font-size:50px}.elementor-widget-text-editor .elementor-drop-cap-letter{display:inline-block}<\/style>\t\t\t\t<p>Afin de vous accompagner au mieux dans vos projets de PLV, nous avons organis\u00e9 nos comp\u00e9tences et services en plusieurs d\u00e9partements\u00a0: de la conception 3D de vos volumes dans nos bureaux d\u2019\u00e9tudes, \u00e0 l\u2019impression et la fabrication dans nos ateliers.<\/p>\t\t\t\t\t\t<\/div>\n\t\t\t\t<\/div>\n\t\t\t\t<\/div>\n\t\t<div class=\"elementor-element elementor-element-5a238dd9 e-con-full e-flex e-con e-child\" data-id=\"5a238dd9\" data-element_type=\"container\" data-settings=\"{&quot;background_background&quot;:&quot;classic&quot;,&quot;background_motion_fx_motion_fx_scrolling&quot;:&quot;yes&quot;,&quot;background_motion_fx_scale_effect&quot;:&quot;yes&quot;,&quot;background_motion_fx_scale_direction&quot;:&quot;in-out&quot;,&quot;background_motion_fx_scale_range&quot;:{&quot;unit&quot;:&quot;%&quot;,&quot;size&quot;:&quot;&quot;,&quot;sizes&quot;:{&quot;start&quot;:0,&quot;end&quot;:50}},&quot;background_motion_fx_scale_speed&quot;:{&quot;unit&quot;:&quot;px&quot;,&quot;size&quot;:4,&quot;sizes&quot;:[]},&quot;background_motion_fx_devices&quot;:[&quot;desktop&quot;,&quot;tablet&quot;,&quot;mobile&quot;]}\">\n\t\t\t\t<\/div>\n\t\t\t\t<\/div>\n\t\t<div class=\"elementor-element elementor-element-131fac4f e-con-full e-flex e-con e-parent\" data-id=\"131fac4f\" data-element_type=\"container\" data-core-v316-plus=\"true\">\n\t\t<div class=\"elementor-element elementor-element-5c477ecc e-con-full e-flex e-con e-child\" data-id=\"5c477ecc\" data-element_type=\"container\">\n\t\t\t\t<div class=\"elementor-element elementor-element-3285c2a2 elementor-widget elementor-widget-text-editor\" data-id=\"3285c2a2\" data-element_type=\"widget\" data-widget_type=\"text-editor.default\">\n\t\t\t\t<div class=\"elementor-widget-container\">\n\t\t\t\t\t\t\t<p>Nous devons faire face \u00e0 des demandes de plus en plus exigeantes, que ce soit en terme de conception de la PLV, de simplicit\u00e9 du montage, ou de d\u00e9lai de fabrication de plus en plus court. C\u2019est pourquoi nous cherchons constamment \u00e0 am\u00e9liorer nos solutions, nos \u00e9quipements, nos proc\u00e9d\u00e9s de fabrication.<\/p><p>Dans cette optique d\u2019am\u00e9lioration, nous proposons d\u00e9sormais un r\u00e9el service logistique, avec la possibilit\u00e9 de r\u00e9aliser des actions de copacking.<\/p><p>Acteur soucieux de notre environnement, nous avons depuis 2009 la certification IMPRIM\u2019VERT\u00ae, et depuis 2010, toutes nos r\u00e9alisations utilisent du carton certifi\u00e9 PEFC.<\/p><p>En 2011, nous avons regroup\u00e9 toutes nos activit\u00e9s sur un seul site afin d\u2019am\u00e9liorer notre productivit\u00e9. L\u2019ensemble des moyens de production est depuis regroup\u00e9 sur un site de plus de 5 000 m\u00b2 \u00e0 Estaimpuis en Belgique (15 mn de Lille).<\/p><p>Depuis le 1er janvier 2012, les Cartonnages Trehout ont officialis\u00e9 leur regroupement, et sont devenus le \u00ab Groupe Trehout PLV \u00bb.<\/p><p>Pour \u00eatre plus proche de notre client\u00e8le parisienne, et pouvoir lui offrir plus de r\u00e9activit\u00e9, notre \u00e9quipe commerciale de Levallois Perret est renforc\u00e9e d\u2019un bureau d\u2019\u00e9tudes.<\/p>\t\t\t\t\t\t<\/div>\n\t\t\t\t<\/div>\n\t\t\t\t<\/div>\n\t\t<div class=\"elementor-element elementor-element-7d8ac64d e-con-full e-flex e-con e-child\" data-id=\"7d8ac64d\" data-element_type=\"container\" data-settings=\"{&quot;background_background&quot;:&quot;classic&quot;,&quot;background_motion_fx_motion_fx_scrolling&quot;:&quot;yes&quot;,&quot;background_motion_fx_scale_effect&quot;:&quot;yes&quot;,&quot;background_motion_fx_scale_direction&quot;:&quot;in-out&quot;,&quot;background_motion_fx_scale_range&quot;:{&quot;unit&quot;:&quot;%&quot;,&quot;size&quot;:&quot;&quot;,&quot;sizes&quot;:{&quot;start&quot;:0,&quot;end&quot;:50}},&quot;background_motion_fx_scale_speed&quot;:{&quot;unit&quot;:&quot;px&quot;,&quot;size&quot;:4,&quot;sizes&quot;:[]},&quot;background_motion_fx_devices&quot;:[&quot;desktop&quot;,&quot;tablet&quot;,&quot;mobile&quot;]}\">\n\t\t\t\t<\/div>\n\t\t\t\t<\/div>\n\t\t\t\t<\/div>\n\t\t","protected":false},"excerpt":{"rendered":"<p>SAVOIR-FAIRE Cr\u00e9\u00e9 en 1890 par la famille Tr\u00e9hout \u00e0 Tournai en Belgique, le Groupe Trehout PLV a tout mis en \u0153uvre pour proposer \u00e0 ses partenaires fran\u00e7ais et belges les solutions les plus compl\u00e8tes en mati\u00e8re de PLV, display, packaging, et impression sur carton et multi-mat\u00e9riaux. INNOVATION Afin de vous accompagner au mieux dans vos [&hellip;]<\/p>\n","protected":false},"author":1,"featured_media":0,"parent":0,"menu_order":0,"comment_status":"closed","ping_status":"closed","template":"elementor_header_footer","meta":{"footnotes":""},"class_list":["post-47","page","type-page","status-publish","hentry"],"_links":{"self":[{"href":"https:\/\/trehout.nextservices.be\/index.php?rest_route=\/wp\/v2\/pages\/47","targetHints":{"allow":["GET"]}}],"collection":[{"href":"https:\/\/trehout.nextservices.be\/index.php?rest_route=\/wp\/v2\/pages"}],"about":[{"href":"https:\/\/trehout.nextservices.be\/index.php?rest_route=\/wp\/v2\/types\/page"}],"author":[{"embeddable":true,"href":"https:\/\/trehout.nextservices.be\/index.php?rest_route=\/wp\/v2\/users\/1"}],"replies":[{"embeddable":true,"href":"https:\/\/trehout.nextservices.be\/index.php?rest_route=%2Fwp%2Fv2%2Fcomments&post=47"}],"version-history":[{"count":5,"href":"https:\/\/trehout.nextservices.be\/index.php?rest_route=\/wp\/v2\/pages\/47\/revisions"}],"predecessor-version":[{"id":326,"href":"https:\/\/trehout.nextservices.be\/index.php?rest_route=\/wp\/v2\/pages\/47\/revisions\/326"}],"wp:attachment":[{"href":"https:\/\/trehout.nextservices.be\/index.php?rest_route=%2Fwp%2Fv2%2Fmedia&parent=47"}],"curies":[{"name":"wp","href":"https:\/\/api.w.org\/{rel}","templated":true}]}}